{"id":224,"date":"2022-03-07T15:05:04","date_gmt":"2022-03-07T14:05:04","guid":{"rendered":"https:\/\/bureau-fuer-bibliothekswissenschaft.de\/?page_id=224"},"modified":"2022-03-26T14:25:48","modified_gmt":"2022-03-26T13:25:48","slug":"angebote-des-bureau-fuer-bibliothekswissenschaft","status":"publish","type":"page","link":"https:\/\/bureau-fuer-bibliothekswissenschaft.de\/?page_id=224","title":{"rendered":"Angebote des Bureau f\u00fcr Bibliothekswissenschaft"},"content":{"rendered":"<style>.kt-accordion-id_e8527e-05 .kt-accordion-inner-wrap{column-gap:var(--global-kb-gap-md, 2rem);row-gap:0px;}.kt-accordion-id_e8527e-05 .kt-accordion-panel-inner{border-top-width:0px;border-right-width:0px;border-bottom-width:0px;border-left-width:0px;padding-top:var(--global-kb-spacing-sm, 1.5rem);padding-right:var(--global-kb-spacing-sm, 1.5rem);padding-bottom:var(--global-kb-spacing-sm, 1.5rem);padding-left:var(--global-kb-spacing-sm, 1.5rem);}.kt-accordion-id_e8527e-05 > .kt-accordion-inner-wrap > .wp-block-kadence-pane > .kt-accordion-header-wrap > .kt-blocks-accordion-header{border-top-color:#555555;border-right-color:#555555;border-bottom-color:#555555;border-left-color:#555555;border-top-width:0px;border-right-width:0px;border-bottom-width:0px;border-left-width:0px;border-top-left-radius:0px;border-top-right-radius:0px;border-bottom-right-radius:0px;border-bottom-left-radius:0px;background:#f2f2f2;font-size:18px;line-height:24px;color:#555555;padding-top:10px;padding-right:14px;padding-bottom:10px;padding-left:14px;}.kt-accordion-id_e8527e-05:not( .kt-accodion-icon-style-basiccircle ):not( .kt-accodion-icon-style-xclosecircle ):not( .kt-accodion-icon-style-arrowcircle )  > .kt-accordion-inner-wrap > .wp-block-kadence-pane > .kt-accordion-header-wrap .kt-blocks-accordion-icon-trigger:after, .kt-accordion-id_e8527e-05:not( .kt-accodion-icon-style-basiccircle ):not( .kt-accodion-icon-style-xclosecircle ):not( .kt-accodion-icon-style-arrowcircle )  > .kt-accordion-inner-wrap > .wp-block-kadence-pane > .kt-accordion-header-wrap .kt-blocks-accordion-icon-trigger:before{background:#555555;}.kt-accordion-id_e8527e-05:not( .kt-accodion-icon-style-basic ):not( .kt-accodion-icon-style-xclose ):not( .kt-accodion-icon-style-arrow ) .kt-blocks-accordion-icon-trigger{background:#555555;}.kt-accordion-id_e8527e-05:not( .kt-accodion-icon-style-basic ):not( .kt-accodion-icon-style-xclose ):not( .kt-accodion-icon-style-arrow ) .kt-blocks-accordion-icon-trigger:after, .kt-accordion-id_e8527e-05:not( .kt-accodion-icon-style-basic ):not( .kt-accodion-icon-style-xclose ):not( .kt-accodion-icon-style-arrow ) .kt-blocks-accordion-icon-trigger:before{background:#f2f2f2;}.kt-accordion-id_e8527e-05 > .kt-accordion-inner-wrap > .wp-block-kadence-pane > .kt-accordion-header-wrap > .kt-blocks-accordion-header:hover, \n\t\t\t\tbody:not(.hide-focus-outline) .kt-accordion-id_e8527e-05 .kt-blocks-accordion-header:focus-visible{color:#444444;background:#eeeeee;border-top-color:#eeeeee;border-right-color:#eeeeee;border-bottom-color:#eeeeee;border-left-color:#eeeeee;}.kt-accordion-id_e8527e-05:not( .kt-accodion-icon-style-basiccircle ):not( .kt-accodion-icon-style-xclosecircle ):not( .kt-accodion-icon-style-arrowcircle ) .kt-accordion-header-wrap .kt-blocks-accordion-header:hover .kt-blocks-accordion-icon-trigger:after, .kt-accordion-id_e8527e-05:not( .kt-accodion-icon-style-basiccircle ):not( .kt-accodion-icon-style-xclosecircle ):not( .kt-accodion-icon-style-arrowcircle ) .kt-accordion-header-wrap .kt-blocks-accordion-header:hover .kt-blocks-accordion-icon-trigger:before, body:not(.hide-focus-outline) .kt-accordion-id_e8527e-05:not( .kt-accodion-icon-style-basiccircle ):not( .kt-accodion-icon-style-xclosecircle ):not( .kt-accodion-icon-style-arrowcircle ) .kt-blocks-accordion--visible .kt-blocks-accordion-icon-trigger:after, body:not(.hide-focus-outline) .kt-accordion-id_e8527e-05:not( .kt-accodion-icon-style-basiccircle ):not( .kt-accodion-icon-style-xclosecircle ):not( .kt-accodion-icon-style-arrowcircle ) .kt-blocks-accordion-header:focus-visible .kt-blocks-accordion-icon-trigger:before{background:#444444;}.kt-accordion-id_e8527e-05:not( .kt-accodion-icon-style-basic ):not( .kt-accodion-icon-style-xclose ):not( .kt-accodion-icon-style-arrow ) .kt-accordion-header-wrap .kt-blocks-accordion-header:hover .kt-blocks-accordion-icon-trigger, body:not(.hide-focus-outline) .kt-accordion-id_e8527e-05:not( .kt-accodion-icon-style-basic ):not( .kt-accodion-icon-style-xclose ):not( .kt-accodion-icon-style-arrow ) .kt-accordion-header-wrap .kt-blocks-accordion-header:focus-visible .kt-blocks-accordion-icon-trigger{background:#444444;}.kt-accordion-id_e8527e-05:not( .kt-accodion-icon-style-basic ):not( .kt-accodion-icon-style-xclose ):not( .kt-accodion-icon-style-arrow ) .kt-accordion-header-wrap .kt-blocks-accordion-header:hover .kt-blocks-accordion-icon-trigger:after, .kt-accordion-id_e8527e-05:not( .kt-accodion-icon-style-basic ):not( .kt-accodion-icon-style-xclose ):not( .kt-accodion-icon-style-arrow ) .kt-accordion-header-wrap .kt-blocks-accordion-header:hover .kt-blocks-accordion-icon-trigger:before, body:not(.hide-focus-outline) .kt-accordion-id_e8527e-05:not( .kt-accodion-icon-style-basic ):not( .kt-accodion-icon-style-xclose ):not( .kt-accodion-icon-style-arrow ) .kt-accordion-header-wrap .kt-blocks-accordion-header:focus-visible .kt-blocks-accordion-icon-trigger:after, body:not(.hide-focus-outline) .kt-accordion-id_e8527e-05:not( .kt-accodion-icon-style-basic ):not( .kt-accodion-icon-style-xclose ):not( .kt-accodion-icon-style-arrow ) .kt-accordion-header-wrap .kt-blocks-accordion-header:focus-visible .kt-blocks-accordion-icon-trigger:before{background:#eeeeee;}.kt-accordion-id_e8527e-05 .kt-accordion-header-wrap .kt-blocks-accordion-header:focus-visible,\n\t\t\t\t.kt-accordion-id_e8527e-05 > .kt-accordion-inner-wrap > .wp-block-kadence-pane > .kt-accordion-header-wrap > .kt-blocks-accordion-header.kt-accordion-panel-active{color:#ffffff;background:#444444;border-top-color:#444444;border-right-color:#444444;border-bottom-color:#444444;border-left-color:#444444;}.kt-accordion-id_e8527e-05:not( .kt-accodion-icon-style-basiccircle ):not( .kt-accodion-icon-style-xclosecircle ):not( .kt-accodion-icon-style-arrowcircle )  > .kt-accordion-inner-wrap > .wp-block-kadence-pane > .kt-accordion-header-wrap > .kt-blocks-accordion-header.kt-accordion-panel-active .kt-blocks-accordion-icon-trigger:after, .kt-accordion-id_e8527e-05:not( .kt-accodion-icon-style-basiccircle ):not( .kt-accodion-icon-style-xclosecircle ):not( .kt-accodion-icon-style-arrowcircle )  > .kt-accordion-inner-wrap > .wp-block-kadence-pane > .kt-accordion-header-wrap > .kt-blocks-accordion-header.kt-accordion-panel-active .kt-blocks-accordion-icon-trigger:before{background:#ffffff;}.kt-accordion-id_e8527e-05:not( .kt-accodion-icon-style-basic ):not( .kt-accodion-icon-style-xclose ):not( .kt-accodion-icon-style-arrow ) .kt-blocks-accordion-header.kt-accordion-panel-active .kt-blocks-accordion-icon-trigger{background:#ffffff;}.kt-accordion-id_e8527e-05:not( .kt-accodion-icon-style-basic ):not( .kt-accodion-icon-style-xclose ):not( .kt-accodion-icon-style-arrow ) .kt-blocks-accordion-header.kt-accordion-panel-active .kt-blocks-accordion-icon-trigger:after, .kt-accordion-id_e8527e-05:not( .kt-accodion-icon-style-basic ):not( .kt-accodion-icon-style-xclose ):not( .kt-accodion-icon-style-arrow ) .kt-blocks-accordion-header.kt-accordion-panel-active .kt-blocks-accordion-icon-trigger:before{background:#444444;}@media all and (max-width: 767px){.kt-accordion-id_e8527e-05 .kt-accordion-inner-wrap{display:block;}.kt-accordion-id_e8527e-05 .kt-accordion-inner-wrap .kt-accordion-pane:not(:first-child){margin-top:0px;}}<\/style>\n<div class=\"wp-block-kadence-accordion alignnone\"><div class=\"kt-accordion-wrap kt-accordion-wrap kt-accordion-id_e8527e-05 kt-accordion-has-27-panes kt-active-pane-18 kt-accordion-block kt-pane-header-alignment-left kt-accodion-icon-style-basic kt-accodion-icon-side-right\" style=\"max-width:none\"><div class=\"kt-accordion-inner-wrap\" data-allow-multiple-open=\"false\" data-start-open=\"18\">\n<div class=\"wp-block-kadence-pane kt-accordion-pane kt-accordion-pane-19 kt-pane_ed153d-96\"><div class=\"kt-accordion-header-wrap\"><button class=\"kt-blocks-accordion-header kt-acccordion-button-label-show\"><span class=\"kt-blocks-accordion-title-wrap\"><span class=\"kt-blocks-accordion-title\">Angebotsprofil<\/span><\/span><span class=\"kt-blocks-accordion-icon-trigger\"><\/span><\/button><\/div><div class=\"kt-accordion-panel kt-accordion-panel-hidden\"><div class=\"kt-accordion-panel-inner\">\n<p>Konkret geh\u00f6ren zum Angebotsprofil des <em>Bureau<\/em> unter anderem die folgenden Felder.<\/p>\n<\/div><\/div><\/div>\n\n\n\n<div class=\"wp-block-kadence-pane kt-accordion-pane kt-accordion-pane-20 kt-pane_f5359d-cd\"><div class=\"kt-accordion-header-wrap\"><button class=\"kt-blocks-accordion-header kt-acccordion-button-label-show\"><span class=\"kt-blocks-accordion-title-wrap\"><span class=\"kt-blocks-accordion-title\">Planung und Begleitung von Umfragen, Strukturierte Beobachtungen, Cognitive Maps, Pedestrian Surveys<\/span><\/span><span class=\"kt-blocks-accordion-icon-trigger\"><\/span><\/button><\/div><div class=\"kt-accordion-panel kt-accordion-panel-hidden\"><div class=\"kt-accordion-panel-inner\">\n<p>Bibliotheken sind es heute gewohnt, ihre Nutzer*innen mittels Umfragen, Einzel- oder Gruppeninterviews nach deren W\u00fcnschen zu befragen. Allerdings bleibt es dann oft bei diesen Datenerhebungen. Um das tats\u00e4chliche Verhalten der Nutzer*innen, aber auch deren tats\u00e4chliche Wahrnehmung des Bibliotheksraumes und seiner Angebote zu erheben oder auch zu verstehen, wie die eigene Bibliothek im in der Gemeinde, Hochschule oder Einrichtung verortet ist, existieren weitergehende Methoden. Zudem ist Auswertung von Daten im Kontext des Wissens aus dem gesamten Bibliotheksbereich aussagekr\u00e4ftiger als eine rein lokale Interpretation. Nicht zuletzt ist oft nicht die Durchf\u00fchrung selber, sonder die Planung und Auswertung solchen Befragungen schwierig. Das Bureau f\u00fcr BIbliothekswissenschaft bietet deshalb an: Methodenberatung f\u00fcr Projekte in Bibliotheken, Planung, Schulung von Personal, welches die Projekte durchf\u00fchrt und Auswertung von Daten.<\/p>\n<\/div><\/div><\/div>\n\n\n\n<div class=\"wp-block-kadence-pane kt-accordion-pane kt-accordion-pane-21 kt-pane_45e2f5-45\"><div class=\"kt-accordion-header-wrap\"><button class=\"kt-blocks-accordion-header kt-acccordion-button-label-show\"><span class=\"kt-blocks-accordion-title-wrap\"><span class=\"kt-blocks-accordion-title\">Erstellung von Umfeldanalysen<\/span><\/span><span class=\"kt-blocks-accordion-icon-trigger\"><\/span><\/button><\/div><div class=\"kt-accordion-panel kt-accordion-panel-hidden\"><div class=\"kt-accordion-panel-inner\">\n<p>Systematische Analysen des Umfeldes einer Bibliotheken \u2013 beispielsweise demographischer Daten, wirtschaftliche und kulturelle Strukturen, Netzwerke von Institutionen, die f\u00fcr die Bibliothek relevant sein k\u00f6nnen, Analysen der politischen und gesellschaftlichen Akteur*innen \u2013 erm\u00f6glichen dieser, eine Strategie zu planen, welche an ihrem realen Umfeld anschliesst. In diesem Kontext werden M\u00f6glichkeiten, relevante Tendenzen, potentielle Partner*innen sichtbar. Das Bureau f\u00fcr Bibliothekswissenschaft erarbeitet solche Umfeldanalysen, inklusive Richtlinien f\u00fcr ihre Fortschreibung.<\/p>\n<\/div><\/div><\/div>\n\n\n\n<div class=\"wp-block-kadence-pane kt-accordion-pane kt-accordion-pane-22 kt-pane_a6d091-55\"><div class=\"kt-accordion-header-wrap\"><button class=\"kt-blocks-accordion-header kt-acccordion-button-label-show\"><span class=\"kt-blocks-accordion-title-wrap\"><span class=\"kt-blocks-accordion-title\">Erstellung von State of the Art-Berichten und Themen\u00fcbersichten<\/span><\/span><span class=\"kt-blocks-accordion-icon-trigger\"><\/span><\/button><\/div><div class=\"kt-accordion-panel kt-accordion-panel-hidden\"><div class=\"kt-accordion-panel-inner\">\n<p>Wissen, welches f\u00fcr Entscheidungen in Bibliotheken genutzt werden kann, ist oft in der wissenschaftlichen Literatur \u2013 sowohl in der Bibliothekswissenschaft als auch angrenzenden Wissenschaftsfeldern \u2013 vorhanden. Es muss aber systematisch erschlossen und oft konzis dargestellt werden, um in der Praxis genutzt zu werden. Ein Arbeitsfeld des Bureau f\u00fcr Bibliothekswissenschaft ist das Erstellen solcher \u00dcbersichten.<\/p>\n<\/div><\/div><\/div>\n\n\n\n<div class=\"wp-block-kadence-pane kt-accordion-pane kt-accordion-pane-25 kt-pane_fc2bbd-08\"><div class=\"kt-accordion-header-wrap\"><button class=\"kt-blocks-accordion-header kt-acccordion-button-label-show\"><span class=\"kt-blocks-accordion-title-wrap\"><span class=\"kt-blocks-accordion-title\">Entwurf, Begleitung und  von internen Studien in Bibliotheken<\/span><\/span><span class=\"kt-blocks-accordion-icon-trigger\"><\/span><\/button><\/div><div class=\"kt-accordion-panel kt-accordion-panel-hidden\"><div class=\"kt-accordion-panel-inner\">\n<p>Bibliotheken stossen immer wieder auch auf interne Fragen, beispielsweise beim Bestandsmanagement, der Auswertung und dem Management von Lizenzen oder des Personalmanagements, die sie sinnvoll mit wissenschaftlicher Methodik angehen m\u00f6chten. Das Bureau f\u00fcr Bibliothekswissenschaft bietet an, solche Studien aufzusetzen, zu begleiten oder auch durchzuf\u00fchren. Neben den Kompetenzen, die das Bureau f\u00fcr solche Arbeiten mitbringt, erm\u00f6glicht es auch einen objektivere Blickwinkel von ausserhalb der jeweiligen Institut bei der Interpretation der Ergebnisse solcher Studien.<\/p>\n<\/div><\/div><\/div>\n\n\n\n<div class=\"wp-block-kadence-pane kt-accordion-pane kt-accordion-pane-23 kt-pane_330bc7-fb\"><div class=\"kt-accordion-header-wrap\"><button class=\"kt-blocks-accordion-header kt-acccordion-button-label-show\"><span class=\"kt-blocks-accordion-title-wrap\"><span class=\"kt-blocks-accordion-title\">Interne Pr\u00e4sentationen \u00fcber Themen und Wissen aus der Bibliothekswissenschaft<\/span><\/span><span class=\"kt-blocks-accordion-icon-trigger\"><\/span><\/button><\/div><div class=\"kt-accordion-panel kt-accordion-panel-hidden\"><div class=\"kt-accordion-panel-inner\">\n<p>Das Bureau f\u00fcr Bibliothekswissenschaft liefert f\u00fcr interne Arbeiten in Bibliotheken (zum Beispiel im Rahmen von Strategieprozessen, als Teil von internen Weiterbildungen, als Teil von Entscheidungsfindungen) Pr\u00e4sentationen \u00fcber Themen und Wissen aus der Bibliothekswissenschaft. Dazu greift es auf eigene Arbeiten und systematische Recherchen zur\u00fcck.<\/p>\n<\/div><\/div><\/div>\n\n\n\n<div class=\"wp-block-kadence-pane kt-accordion-pane kt-accordion-pane-24 kt-pane_48414c-d3\"><div class=\"kt-accordion-header-wrap\"><button class=\"kt-blocks-accordion-header kt-acccordion-button-label-show\"><span class=\"kt-blocks-accordion-title-wrap\"><span class=\"kt-blocks-accordion-title\">Begleitung von Strategieprozessen<\/span><\/span><span class=\"kt-blocks-accordion-icon-trigger\"><\/span><\/button><\/div><div class=\"kt-accordion-panel kt-accordion-panel-hidden\"><div class=\"kt-accordion-panel-inner\">\n<p>Strategieprozesse werden in Bibliotheken regelm\u00e4ssig von Aussenstehenden begleitet, um andere Blickwinkel einzubringen, Wissen aus bestimmten Bereichen zu mobilisieren oder auch das Projektmanagement zu \u00fcbernehmen. Das Bureau f\u00fcr Bibliothekswissenschaft bringt neben Wissen \u00fcber tats\u00e4chliche Entwicklungen im Bibliotheksbereich auch Erfahrungen aus dem Projektmanagement mit.<\/p>\n<\/div><\/div><\/div>\n\n\n\n<div class=\"wp-block-kadence-pane kt-accordion-pane kt-accordion-pane-26 kt-pane_ede851-ac\"><div class=\"kt-accordion-header-wrap\"><button class=\"kt-blocks-accordion-header kt-acccordion-button-label-show\"><span class=\"kt-blocks-accordion-title-wrap\"><span class=\"kt-blocks-accordion-title\">Fachliche Bewertungen von Projekten und Gutachten<\/span><\/span><span class=\"kt-blocks-accordion-icon-trigger\"><\/span><\/button><\/div><div class=\"kt-accordion-panel kt-accordion-panel-hidden\"><div class=\"kt-accordion-panel-inner\">\n<p>Pl\u00e4ne, Strategiepapiere und \u00e4hnliches profitiert oft von einer fachlichen Bewertung. Das Bureau f\u00fcr Bibliothekswissenschaft \u00fcbernimmt dies. Solche Gutachten helfen, Potentiale, aber auch Schwachpunkte zum Beispiel bei Bau- oder Entwicklungsprojekten sichtbar zu machen. Sie helfen oft auch, die Arbeit in Bibliotheken geleistet wird, \u00fcberhaupt gegen\u00fcber anderen Stakeholdern (zum Beispiel Tr\u00e4gern, Architekt*innen) sichtbar zu machen, so dass sie in Planungen einbezogen werden kann.<\/p>\n<\/div><\/div><\/div>\n\n\n\n<div class=\"wp-block-kadence-pane kt-accordion-pane kt-accordion-pane-27 kt-pane_c3d072-c9\"><div class=\"kt-accordion-header-wrap\"><button class=\"kt-blocks-accordion-header kt-acccordion-button-label-show\"><span class=\"kt-blocks-accordion-title-wrap\"><span class=\"kt-blocks-accordion-title\">Projektmanagement und Projektarbeit<\/span><\/span><span class=\"kt-blocks-accordion-icon-trigger\"><\/span><\/button><\/div><div class=\"kt-accordion-panel kt-accordion-panel-hidden\"><div class=\"kt-accordion-panel-inner\">\n<p>Das Bureau f\u00fcr Bibliothekswissenschaft bringt Erfahrungen im Projektmanagement und der Mitarbeit an Projekten mit, auch darin, Projekte \u201cin der letzten Minute zu retten\u201d. Als Dienstleistung bietet es auch an, bei Bedarf diese Positionen zu \u00fcbernehmen und beispielsweise Projekt von Bibliotheken zu managen.<\/p>\n<\/div><\/div><\/div>\n<\/div><\/div><\/div>\n","protected":false},"excerpt":{"rendered":"","protected":false},"author":1,"featured_media":0,"parent":0,"menu_order":0,"comment_status":"closed","ping_status":"closed","template":"","meta":{"footnotes":""},"class_list":["post-224","page","type-page","status-publish","hentry"],"_links":{"self":[{"href":"https:\/\/bureau-fuer-bibliothekswissenschaft.de\/index.php?rest_route=\/wp\/v2\/pages\/224","targetHints":{"allow":["GET"]}}],"collection":[{"href":"https:\/\/bureau-fuer-bibliothekswissenschaft.de\/index.php?rest_route=\/wp\/v2\/pages"}],"about":[{"href":"https:\/\/bureau-fuer-bibliothekswissenschaft.de\/index.php?rest_route=\/wp\/v2\/types\/page"}],"author":[{"embeddable":true,"href":"https:\/\/bureau-fuer-bibliothekswissenschaft.de\/index.php?rest_route=\/wp\/v2\/users\/1"}],"replies":[{"embeddable":true,"href":"https:\/\/bureau-fuer-bibliothekswissenschaft.de\/index.php?rest_route=%2Fwp%2Fv2%2Fcomments&post=224"}],"version-history":[{"count":5,"href":"https:\/\/bureau-fuer-bibliothekswissenschaft.de\/index.php?rest_route=\/wp\/v2\/pages\/224\/revisions"}],"predecessor-version":[{"id":253,"href":"https:\/\/bureau-fuer-bibliothekswissenschaft.de\/index.php?rest_route=\/wp\/v2\/pages\/224\/revisions\/253"}],"wp:attachment":[{"href":"https:\/\/bureau-fuer-bibliothekswissenschaft.de\/index.php?rest_route=%2Fwp%2Fv2%2Fmedia&parent=224"}],"curies":[{"name":"wp","href":"https:\/\/api.w.org\/{rel}","templated":true}]}}