{"id":4,"date":"2021-09-16T20:36:13","date_gmt":"2021-09-16T20:36:13","guid":{"rendered":"http:\/\/bureau-fuer-bibliothekswissenschaft.de\/willkommen-auf-http-bureau-fuer-bibliothekswissenschaft-de"},"modified":"2022-03-07T17:19:34","modified_gmt":"2022-03-07T16:19:34","slug":"bureau-fuer-bibliothekswissenschaft-angebote","status":"publish","type":"page","link":"https:\/\/bureau-fuer-bibliothekswissenschaft.de\/?page_id=4","title":{"rendered":"Bureau f\u00fcr Bibliothekswissenschaft"},"content":{"rendered":"<style>.wp-block-kadence-column.kb-section-dir-horizontal > .kt-inside-inner-col > #kt-info-box_3a13cc-ca .kt-blocks-info-box-link-wrap{max-width:unset;}#kt-info-box_3a13cc-ca .kt-blocks-info-box-link-wrap{border-radius:20px;border-top-width:5px;border-right-width:5px;border-bottom-width:5px;border-left-width:5px;background:#ffffff;padding-top:24px;padding-right:24px;padding-bottom:24px;padding-left:24px;margin-top:50px;}#kt-info-box_3a13cc-ca .kt-blocks-info-box-link-wrap:hover{background:#ffffff;}#kt-info-box_3a13cc-ca .kadence-info-box-icon-container .kt-info-svg-icon, #kt-info-box_3a13cc-ca .kt-info-svg-icon-flip, #kt-info-box_3a13cc-ca .kt-blocks-info-box-number{font-size:50px;}#kt-info-box_3a13cc-ca .kt-blocks-info-box-media{color:#444444;background:#ffffff;border-color:#eeeeee;border-radius:200px;overflow:hidden;border-top-width:5px;border-right-width:5px;border-bottom-width:5px;border-left-width:5px;padding-top:20px;padding-right:20px;padding-bottom:20px;padding-left:20px;}#kt-info-box_3a13cc-ca .kt-blocks-info-box-media-container{margin-top:-75px;margin-right:0px;margin-bottom:20px;margin-left:0px;}#kt-info-box_3a13cc-ca .kt-blocks-info-box-media .kadence-info-box-image-intrisic img{border-radius:200px;}#kt-info-box_3a13cc-ca .kt-blocks-info-box-link-wrap:hover .kt-blocks-info-box-media{color:#444444;background:#ffffff;border-color:#eeeeee;}#kt-info-box_3a13cc-ca .kt-infobox-textcontent h2.kt-blocks-info-box-title{padding-top:0px;padding-right:0px;padding-bottom:0px;padding-left:0px;margin-top:5px;margin-right:0px;margin-bottom:10px;margin-left:0px;}#kt-info-box_3a13cc-ca .kt-blocks-info-box-learnmore{background:transparent;border-width:0px 0px 0px 0px;padding-top:4px;padding-right:8px;padding-bottom:4px;padding-left:8px;margin-top:10px;margin-right:0px;margin-bottom:10px;margin-left:0px;}<\/style>\n<div id=\"kt-info-box_3a13cc-ca\" class=\"wp-block-kadence-infobox\"><a class=\"kt-blocks-info-box-link-wrap info-box-link kt-blocks-info-box-media-align-top kt-info-halign-center\"><div class=\"kt-blocks-info-box-media-container\"><div class=\"kt-blocks-info-box-media kt-info-media-animate-none\"><div class=\"kadence-info-box-icon-container kt-info-icon-animate-none\"><div class=\"kadence-info-box-icon-inner-container\"><span style=\"display:block;justify-content:center;align-items:center\" class=\"kt-info-svg-icon kt-info-svg-icon-fe_book\"><svg style=\"display:inline-block;vertical-align:middle\" viewbox=\"0 0 24 24\" height=\"50\" width=\"50\" fill=\"none\" stroke=\"currentColor\" xmlns=\"http:\/\/www.w3.org\/2000\/svg\" stroke-width=\"2\" stroke-linecap=\"round\" stroke-linejoin=\"round\" aria-hidden=\"true\"><path d=\"M4 19.5A2.5 2.5 0 0 1 6.5 17H20\"><\/path><path d=\"M6.5 2H20v20H6.5A2.5 2.5 0 0 1 4 19.5v-15A2.5 2.5 0 0 1 6.5 2z\"><\/path><\/svg><\/span><\/div><\/div><\/div><\/div><div class=\"kt-infobox-textcontent\"><h2 class=\"kt-blocks-info-box-title\">Das Bureau<\/h2><p class=\"kt-blocks-info-box-text\"><strong>Das Bureau f\u00fcr Bibliothekswissenschaft ist eine Agentur, welche wissenschaftliche Dienstleistungen f\u00fcr Bibliotheken anbietet.<\/strong><br\/>Grundlage unserer T\u00e4tigkeiten sind methodisches Arbeiten, weitreichende bibliothekswissenschaftliche Kompetenzen und eine praxisorientierte Ausrichtung. Wir unterst\u00fctzen Bibliotheken aller Typen dabei, mit strukturierten Methoden eine besser Grundlage f\u00fcr eigene, strategische Entscheidungen zu treffen und unterst\u00fctzen bei der Erarbeitung und Durchf\u00fchrung von Projekten.<\/p><\/div><\/a><\/div>\n\n\n<style>.wp-block-kadence-column.kb-section-dir-horizontal > .kt-inside-inner-col > #kt-info-box_b06873-ce .kt-blocks-info-box-link-wrap{max-width:unset;}#kt-info-box_b06873-ce .kt-blocks-info-box-link-wrap{border-radius:20px;border-top-width:5px;border-right-width:5px;border-bottom-width:5px;border-left-width:5px;background:#ffffff;padding-top:24px;padding-right:24px;padding-bottom:24px;padding-left:24px;margin-top:50px;}#kt-info-box_b06873-ce .kt-blocks-info-box-link-wrap:hover{background:#ffffff;}#kt-info-box_b06873-ce .kadence-info-box-icon-container .kt-info-svg-icon, #kt-info-box_b06873-ce .kt-info-svg-icon-flip, #kt-info-box_b06873-ce .kt-blocks-info-box-number{font-size:50px;}#kt-info-box_b06873-ce .kt-blocks-info-box-media{color:#444444;background:#ffffff;border-color:#eeeeee;border-radius:200px;overflow:hidden;border-top-width:5px;border-right-width:5px;border-bottom-width:5px;border-left-width:5px;padding-top:20px;padding-right:20px;padding-bottom:20px;padding-left:20px;}#kt-info-box_b06873-ce .kt-blocks-info-box-media-container{margin-top:-75px;margin-right:0px;margin-bottom:20px;margin-left:0px;}#kt-info-box_b06873-ce .kt-blocks-info-box-media .kadence-info-box-image-intrisic img{border-radius:200px;}#kt-info-box_b06873-ce .kt-blocks-info-box-link-wrap:hover .kt-blocks-info-box-media{color:#444444;background:#ffffff;border-color:#eeeeee;}#kt-info-box_b06873-ce .kt-infobox-textcontent h2.kt-blocks-info-box-title{padding-top:0px;padding-right:0px;padding-bottom:0px;padding-left:0px;margin-top:5px;margin-right:0px;margin-bottom:10px;margin-left:0px;}#kt-info-box_b06873-ce .kt-blocks-info-box-learnmore{background:transparent;border-width:0px 0px 0px 0px;padding-top:4px;padding-right:8px;padding-bottom:4px;padding-left:8px;margin-top:10px;margin-right:0px;margin-bottom:10px;margin-left:0px;}<\/style>\n<div id=\"kt-info-box_b06873-ce\" class=\"wp-block-kadence-infobox\"><a class=\"kt-blocks-info-box-link-wrap info-box-link kt-blocks-info-box-media-align-top kt-info-halign-center\"><div class=\"kt-blocks-info-box-media-container\"><div class=\"kt-blocks-info-box-media kt-info-media-animate-none\"><div class=\"kadence-info-box-icon-container kt-info-icon-animate-none\"><div class=\"kadence-info-box-icon-inner-container\"><span style=\"display:block;justify-content:center;align-items:center\" class=\"kt-info-svg-icon kt-info-svg-icon-fas_arrows-alt-h\"><svg style=\"display:inline-block;vertical-align:middle\" viewbox=\"0 0 512 512\" height=\"50\" width=\"50\" fill=\"currentColor\" xmlns=\"http:\/\/www.w3.org\/2000\/svg\" aria-hidden=\"true\"><path d=\"M377.941 169.941V216H134.059v-46.059c0-21.382-25.851-32.09-40.971-16.971L7.029 239.029c-9.373 9.373-9.373 24.568 0 33.941l86.059 86.059c15.119 15.119 40.971 4.411 40.971-16.971V296h243.882v46.059c0 21.382 25.851 32.09 40.971 16.971l86.059-86.059c9.373-9.373 9.373-24.568 0-33.941l-86.059-86.059c-15.119-15.12-40.971-4.412-40.971 16.97z\"><\/path><\/svg><\/span><\/div><\/div><\/div><\/div><div class=\"kt-infobox-textcontent\"><h2 class=\"kt-blocks-info-box-title\">Unsere Mission<\/h2><p class=\"kt-blocks-info-box-text\">Wir stehen an der Schnittstelle zwischen Forschung und Bibliothekspraxis: Auf der einen Seite helfen wir, das handlungsrelevante Wissen aus der Forschung f\u00fcr die Praxis aufzubereiten, auf der anderen Seite machen wir Arbeitsweisen der Forschung, also das methodische und systematische Vorgehen beim Erstellen von Wissen, f\u00fcr die Praxis nutzbar.<\/p><\/div><\/a><\/div>\n\n\n<style>.wp-block-kadence-column.kb-section-dir-horizontal > .kt-inside-inner-col > #kt-info-box_c9ea29-b4 .kt-blocks-info-box-link-wrap{max-width:unset;}#kt-info-box_c9ea29-b4 .kt-blocks-info-box-link-wrap{border-radius:20px;border-top-width:5px;border-right-width:5px;border-bottom-width:5px;border-left-width:5px;background:#ffffff;padding-top:24px;padding-right:24px;padding-bottom:24px;padding-left:24px;margin-top:50px;}#kt-info-box_c9ea29-b4 .kt-blocks-info-box-link-wrap:hover{background:#ffffff;}#kt-info-box_c9ea29-b4 .kadence-info-box-icon-container .kt-info-svg-icon, #kt-info-box_c9ea29-b4 .kt-info-svg-icon-flip, #kt-info-box_c9ea29-b4 .kt-blocks-info-box-number{font-size:50px;}#kt-info-box_c9ea29-b4 .kt-blocks-info-box-media{color:#444444;background:#ffffff;border-color:#eeeeee;border-radius:200px;overflow:hidden;border-top-width:5px;border-right-width:5px;border-bottom-width:5px;border-left-width:5px;padding-top:20px;padding-right:20px;padding-bottom:20px;padding-left:20px;}#kt-info-box_c9ea29-b4 .kt-blocks-info-box-media-container{margin-top:-75px;margin-right:0px;margin-bottom:20px;margin-left:0px;}#kt-info-box_c9ea29-b4 .kt-blocks-info-box-media .kadence-info-box-image-intrisic img{border-radius:200px;}#kt-info-box_c9ea29-b4 .kt-blocks-info-box-link-wrap:hover .kt-blocks-info-box-media{color:#444444;background:#ffffff;border-color:#eeeeee;}#kt-info-box_c9ea29-b4 .kt-infobox-textcontent h2.kt-blocks-info-box-title{padding-top:0px;padding-right:0px;padding-bottom:0px;padding-left:0px;margin-top:5px;margin-right:0px;margin-bottom:10px;margin-left:0px;}#kt-info-box_c9ea29-b4 .kt-blocks-info-box-learnmore{background:transparent;border-width:0px 0px 0px 0px;padding-top:4px;padding-right:8px;padding-bottom:4px;padding-left:8px;margin-top:10px;margin-right:0px;margin-bottom:10px;margin-left:0px;}<\/style>\n<div id=\"kt-info-box_c9ea29-b4\" class=\"wp-block-kadence-infobox\"><div class=\"kt-blocks-info-box-link-wrap kt-blocks-info-box-media-align-top kt-info-halign-center\"><div class=\"kt-blocks-info-box-media-container\"><div class=\"kt-blocks-info-box-media kt-info-media-animate-none\"><div class=\"kadence-info-box-icon-container kt-info-icon-animate-none\"><div class=\"kadence-info-box-icon-inner-container\"><span style=\"display:block;justify-content:center;align-items:center\" class=\"kt-info-svg-icon kt-info-svg-icon-ic_calendar\"><svg style=\"display:inline-block;vertical-align:middle\" viewbox=\"0 0 8 8\" height=\"50\" width=\"50\" fill=\"currentColor\" xmlns=\"http:\/\/www.w3.org\/2000\/svg\" aria-hidden=\"true\"><path d=\"M0 0v2h7v-2h-7zm0 3v4.91c0 .05.04.09.09.09h6.81c.05 0 .09-.04.09-.09v-4.91h-7zm1 1h1v1h-1v-1zm2 0h1v1h-1v-1zm2 0h1v1h-1v-1zm-4 2h1v1h-1v-1zm2 0h1v1h-1v-1z\"><\/path><\/svg><\/span><\/div><\/div><\/div><\/div><div class=\"kt-infobox-textcontent\"><h2 class=\"kt-blocks-info-box-title\">Angebotsprofil<\/h2><p class=\"kt-blocks-info-box-text\">Das Angebotsprofil des Bureau f\u00fcr Bibliothekswissenschaft umfasst die Planung und Durchf\u00fchrung von Studien f\u00fcr Bibliotheken, die fachliche Bewertung von Strategien und \u00e4hnlichen Pl\u00e4nen, das Projektmanagement und die Projektarbeit sowie weiteres. Konkrete Angaben finden sich auf unserer spezifischen Informationsseite.<br\/><\/p><div class=\"kt-blocks-info-box-learnmore-wrap\"><a class=\"kt-blocks-info-box-learnmore info-box-link\" href=\"https:\/\/bureau-fuer-bibliothekswissenschaft.de\/?page_id=224\">Learn More<\/a><\/div><\/div><\/div><\/div>\n\n\n<style>.wp-block-kadence-column.kb-section-dir-horizontal > .kt-inside-inner-col > #kt-info-box_e7d31d-eb .kt-blocks-info-box-link-wrap{max-width:unset;}#kt-info-box_e7d31d-eb .kt-blocks-info-box-link-wrap{border-radius:20px;border-top-width:5px;border-right-width:5px;border-bottom-width:5px;border-left-width:5px;background:#ffffff;padding-top:24px;padding-right:24px;padding-bottom:24px;padding-left:24px;margin-top:50px;}#kt-info-box_e7d31d-eb .kt-blocks-info-box-link-wrap:hover{background:#ffffff;}#kt-info-box_e7d31d-eb .kadence-info-box-icon-container .kt-info-svg-icon, #kt-info-box_e7d31d-eb .kt-info-svg-icon-flip, #kt-info-box_e7d31d-eb .kt-blocks-info-box-number{font-size:50px;}#kt-info-box_e7d31d-eb .kt-blocks-info-box-media{color:#444444;background:#ffffff;border-color:#eeeeee;border-radius:200px;overflow:hidden;border-top-width:5px;border-right-width:5px;border-bottom-width:5px;border-left-width:5px;padding-top:20px;padding-right:20px;padding-bottom:20px;padding-left:20px;}#kt-info-box_e7d31d-eb .kt-blocks-info-box-media-container{margin-top:-75px;margin-right:0px;margin-bottom:20px;margin-left:0px;}#kt-info-box_e7d31d-eb .kt-blocks-info-box-media .kadence-info-box-image-intrisic img{border-radius:200px;}#kt-info-box_e7d31d-eb .kt-blocks-info-box-link-wrap:hover .kt-blocks-info-box-media{color:#444444;background:#ffffff;border-color:#eeeeee;}#kt-info-box_e7d31d-eb .kt-infobox-textcontent h2.kt-blocks-info-box-title{padding-top:0px;padding-right:0px;padding-bottom:0px;padding-left:0px;margin-top:5px;margin-right:0px;margin-bottom:10px;margin-left:0px;}#kt-info-box_e7d31d-eb .kt-blocks-info-box-learnmore{background:transparent;border-width:0px 0px 0px 0px;padding-top:4px;padding-right:8px;padding-bottom:4px;padding-left:8px;margin-top:10px;margin-right:0px;margin-bottom:10px;margin-left:0px;}<\/style>\n<div id=\"kt-info-box_e7d31d-eb\" class=\"wp-block-kadence-infobox\"><div class=\"kt-blocks-info-box-link-wrap kt-blocks-info-box-media-align-top kt-info-halign-center\"><div class=\"kt-blocks-info-box-media-container\"><div class=\"kt-blocks-info-box-media kt-info-media-animate-none\"><div class=\"kadence-info-box-icon-container kt-info-icon-animate-none\"><div class=\"kadence-info-box-icon-inner-container\"><span style=\"display:block;justify-content:center;align-items:center\" class=\"kt-info-svg-icon kt-info-svg-icon-fe_logOut\"><svg style=\"display:inline-block;vertical-align:middle\" viewbox=\"0 0 24 24\" height=\"50\" width=\"50\" fill=\"none\" stroke=\"currentColor\" xmlns=\"http:\/\/www.w3.org\/2000\/svg\" stroke-width=\"2\" stroke-linecap=\"round\" stroke-linejoin=\"round\" aria-hidden=\"true\"><path d=\"M9 21H5a2 2 0 0 1-2-2V5a2 2 0 0 1 2-2h4\"><\/path><polyline points=\"16 17 21 12 16 7\"><\/polyline><line x1=\"21\" y1=\"12\" x2=\"9\" y2=\"12\"><\/line><\/svg><\/span><\/div><\/div><\/div><\/div><div class=\"kt-infobox-textcontent\"><h2 class=\"kt-blocks-info-box-title\">Publikationen<\/h2><p class=\"kt-blocks-info-box-text\">Dar\u00fcber hinaus publiziert das Bureau eigene State of the Art-Bericht und Studien zu bibliothekarischen Trends und Fragen und f\u00fchrt selbstst\u00e4ndig bibliothekswissenschaftliche Forschung durch.<\/p><div class=\"kt-blocks-info-box-learnmore-wrap\"><a class=\"kt-blocks-info-box-learnmore info-box-link\" href=\"https:\/\/bureau-fuer-bibliothekswissenschaft.de\/?page_id=21\" aria-label=\"Publikationen\">Learn More<\/a><\/div><\/div><\/div><\/div>\n\n\n<style>.wp-block-kadence-column.kb-section-dir-horizontal > .kt-inside-inner-col > #kt-info-box_0daf12-04 .kt-blocks-info-box-link-wrap{max-width:unset;}#kt-info-box_0daf12-04 .kt-blocks-info-box-link-wrap{border-radius:20px;border-top-width:5px;border-right-width:5px;border-bottom-width:5px;border-left-width:5px;background:#ffffff;padding-top:24px;padding-right:24px;padding-bottom:24px;padding-left:24px;margin-top:50px;}#kt-info-box_0daf12-04 .kt-blocks-info-box-link-wrap:hover{background:#ffffff;}#kt-info-box_0daf12-04 .kadence-info-box-icon-container .kt-info-svg-icon, #kt-info-box_0daf12-04 .kt-info-svg-icon-flip, #kt-info-box_0daf12-04 .kt-blocks-info-box-number{font-size:50px;}#kt-info-box_0daf12-04 .kt-blocks-info-box-media{color:#444444;background:#ffffff;border-color:#eeeeee;border-radius:200px;overflow:hidden;border-top-width:5px;border-right-width:5px;border-bottom-width:5px;border-left-width:5px;padding-top:20px;padding-right:20px;padding-bottom:20px;padding-left:20px;}#kt-info-box_0daf12-04 .kt-blocks-info-box-media-container{margin-top:-75px;margin-right:0px;margin-bottom:20px;margin-left:0px;}#kt-info-box_0daf12-04 .kt-blocks-info-box-media .kadence-info-box-image-intrisic img{border-radius:200px;}#kt-info-box_0daf12-04 .kt-blocks-info-box-link-wrap:hover .kt-blocks-info-box-media{color:#444444;background:#ffffff;border-color:#eeeeee;}#kt-info-box_0daf12-04 .kt-infobox-textcontent h2.kt-blocks-info-box-title{padding-top:0px;padding-right:0px;padding-bottom:0px;padding-left:0px;margin-top:5px;margin-right:0px;margin-bottom:10px;margin-left:0px;}#kt-info-box_0daf12-04 .kt-blocks-info-box-learnmore{background:transparent;border-width:0px 0px 0px 0px;padding-top:4px;padding-right:8px;padding-bottom:4px;padding-left:8px;margin-top:10px;margin-right:0px;margin-bottom:10px;margin-left:0px;}<\/style>\n<div id=\"kt-info-box_0daf12-04\" class=\"wp-block-kadence-infobox\"><a class=\"kt-blocks-info-box-link-wrap info-box-link kt-blocks-info-box-media-align-top kt-info-halign-center\"><div class=\"kt-blocks-info-box-media-container\"><div class=\"kt-blocks-info-box-media kt-info-media-animate-none\"><div class=\"kadence-info-box-icon-container kt-info-icon-animate-none\"><div class=\"kadence-info-box-icon-inner-container\"><span style=\"display:block;justify-content:center;align-items:center\" class=\"kt-info-svg-icon kt-info-svg-icon-fe_logIn\"><svg style=\"display:inline-block;vertical-align:middle\" viewbox=\"0 0 24 24\" height=\"50\" width=\"50\" fill=\"none\" stroke=\"currentColor\" xmlns=\"http:\/\/www.w3.org\/2000\/svg\" stroke-width=\"2\" stroke-linecap=\"round\" stroke-linejoin=\"round\" aria-hidden=\"true\"><path d=\"M15 3h4a2 2 0 0 1 2 2v14a2 2 0 0 1-2 2h-4\"><\/path><polyline points=\"10 17 15 12 10 7\"><\/polyline><line x1=\"15\" y1=\"12\" x2=\"3\" y2=\"12\"><\/line><\/svg><\/span><\/div><\/div><\/div><\/div><div class=\"kt-infobox-textcontent\"><h2 class=\"kt-blocks-info-box-title\">Kontakt<\/h2><p class=\"kt-blocks-info-box-text\">F\u00fcr mehr Informationen oder ein konkretes Angebot (inklusive Arbeits-, Ressourcen- und Kostenplanung), nehmen Sie Kontakt mit uns auf.<\/p><div class=\"kt-blocks-info-box-learnmore-wrap\"><span class=\"kt-blocks-info-box-learnmore\">Learn More<\/span><\/div><\/div><\/a><\/div>\n","protected":false},"excerpt":{"rendered":"","protected":false},"author":1,"featured_media":0,"parent":0,"menu_order":0,"comment_status":"closed","ping_status":"open","template":"","meta":{"footnotes":""},"class_list":["post-4","page","type-page","status-publish","hentry"],"_links":{"self":[{"href":"https:\/\/bureau-fuer-bibliothekswissenschaft.de\/index.php?rest_route=\/wp\/v2\/pages\/4","targetHints":{"allow":["GET"]}}],"collection":[{"href":"https:\/\/bureau-fuer-bibliothekswissenschaft.de\/index.php?rest_route=\/wp\/v2\/pages"}],"about":[{"href":"https:\/\/bureau-fuer-bibliothekswissenschaft.de\/index.php?rest_route=\/wp\/v2\/types\/page"}],"author":[{"embeddable":true,"href":"https:\/\/bureau-fuer-bibliothekswissenschaft.de\/index.php?rest_route=\/wp\/v2\/users\/1"}],"replies":[{"embeddable":true,"href":"https:\/\/bureau-fuer-bibliothekswissenschaft.de\/index.php?rest_route=%2Fwp%2Fv2%2Fcomments&post=4"}],"version-history":[{"count":23,"href":"https:\/\/bureau-fuer-bibliothekswissenschaft.de\/index.php?rest_route=\/wp\/v2\/pages\/4\/revisions"}],"predecessor-version":[{"id":244,"href":"https:\/\/bureau-fuer-bibliothekswissenschaft.de\/index.php?rest_route=\/wp\/v2\/pages\/4\/revisions\/244"}],"wp:attachment":[{"href":"https:\/\/bureau-fuer-bibliothekswissenschaft.de\/index.php?rest_route=%2Fwp%2Fv2%2Fmedia&parent=4"}],"curies":[{"name":"wp","href":"https:\/\/api.w.org\/{rel}","templated":true}]}}